{"id":42,"date":"2020-03-16T05:16:37","date_gmt":"2020-03-16T05:16:37","guid":{"rendered":"http:\/\/naturalcbd.cl\/?post_type=product&#038;p=42"},"modified":"2026-03-11T19:20:35","modified_gmt":"2026-03-11T23:20:35","slug":"andes-austral-cbd-250mg","status":"publish","type":"product","link":"https:\/\/naturalcbd.cl\/index.php\/product\/andes-austral-cbd-250mg\/","title":{"rendered":"Andes Austral CBD 250mg"},"content":{"rendered":"<p><img fetchpriority=\"high\" decoding=\"async\" class=\"aligncenter wp-image-881 size-medium\" src=\"https:\/\/naturalcbd.cl\/wp-content\/uploads\/2020\/03\/sublingualandesaustral-214x300.png\" alt=\"\" width=\"214\" height=\"300\" srcset=\"https:\/\/naturalcbd.cl\/wp-content\/uploads\/2020\/03\/sublingualandesaustral-214x300.png 214w, https:\/\/naturalcbd.cl\/wp-content\/uploads\/2020\/03\/sublingualandesaustral-731x1024.png 731w, https:\/\/naturalcbd.cl\/wp-content\/uploads\/2020\/03\/sublingualandesaustral-350x490.png 350w, https:\/\/naturalcbd.cl\/wp-content\/uploads\/2020\/03\/sublingualandesaustral.png 746w\" sizes=\"(max-width: 214px) 100vw, 214px\" \/><\/p>\n<p>Aceite de cannabis alto en CBD libre de THC, en raz\u00f3n de sus distintas presentaciones, permite a los consumidores personalizar el nivel de CBD en su dieta, para apoyar el bienestar general. Si\u00e9ntete equilibrado, independientemente de lo que te depare la vida.<\/p>\n<p>Nuestro Aceite CBD se prepara mediante un proceso patentado que nos permite mantener las propiedades del aceite con br\u00e1ctea de Cannabis CBD libre de THC; este producto es un alimento, no es un estupefaciente, no genera dependencia, ni provoca da\u00f1os o efectos t\u00f3xicos en la salud.<\/p>\n<p>Uso del gotero: Apriete suavemente el extremo de goma y su\u00e9ltelo. El cuentagotas estar\u00e1 medio lleno, lo que indica un &#8220;cuentagotas lleno&#8221;. (El aceite no llenar\u00e1 todo el gotero).<\/p>\n<p>*Evite tocar el gotero con la boca para preservar la calidad del aceite.<\/p>\n<p>-Si\u00e9ntase libre de mezclar su aceite con su comida o bebida favorita. Sabor suave a semilla tostada, sin saborizantes artificiales.<\/p>\n<p>-Producto 100% Vegano y naturalmente libre de Gluten.<\/p>\n<p>-Ingrediente: Aceite de cannabis alto en CBD, libre de THC.*<\/p>\n<p>-Duraci\u00f3n: 24 meses.<\/p>\n<p>*Este producto no est\u00e1 destinado a diagnosticar, tratar, curar o prevenir ninguna enfermedad. Producto alimenticio con resoluci\u00f3n sanitaria.<\/p>\n","protected":false},"excerpt":{"rendered":"<p>&nbsp;<\/p>\n<p><img decoding=\"async\" class=\"aligncenter size-full wp-image-879\" src=\"https:\/\/naturalcbd.cl\/wp-content\/uploads\/2020\/03\/andes1000-140x300-1.jpg\" alt=\"\" width=\"300\" height=\"257\" \/><\/p>\n<p>-Producto 100% Vegano y naturalmente libre de Gluten.<\/p>\n<p>-Ingrediente: Aceite de cannabis alto en CBD, libre de THC.*<\/p>\n","protected":false},"featured_media":114,"template":"","meta":[],"product_brand":[],"product_cat":[16],"product_tag":[],"class_list":{"0":"post-42","1":"product","2":"type-product","3":"status-publish","4":"has-post-thumbnail","6":"product_cat-aceite-sublingual-cbd","8":"first","9":"instock","10":"sold-individually","11":"shipping-taxable","12":"purchasable","13":"product-type-simple"},"yoast_head":"<!-- This site is optimized with the Yoast SEO plugin v26.6 - https:\/\/yoast.com\/wordpress\/plugins\/seo\/ -->\n<title>Andes Austral CBD 250mg - NATURAL HEMP | CBD Chile<\/title>\n<meta name=\"robots\" content=\"index, follow, max-snippet:-1, max-image-preview:large, max-video-preview:-1\" \/>\n<link rel=\"canonical\" href=\"https:\/\/naturalcbd.cl\/index.php\/product\/andes-austral-cbd-250mg\/\" \/>\n<meta property=\"og:locale\" content=\"es_ES\" \/>\n<meta property=\"og:type\" content=\"article\" \/>\n<meta property=\"og:title\" content=\"Andes Austral CBD 250mg - NATURAL HEMP | CBD Chile\" \/>\n<meta property=\"og:description\" content=\"&nbsp;    -Producto 100% Vegano y naturalmente libre de Gluten.  -Ingrediente: Aceite de cannabis alto en CBD, libre de THC.*\" \/>\n<meta property=\"og:url\" content=\"https:\/\/naturalcbd.cl\/index.php\/product\/andes-austral-cbd-250mg\/\" \/>\n<meta property=\"og:site_name\" content=\"NATURAL HEMP | CBD Chile\" \/>\n<meta property=\"article:modified_time\" content=\"2026-03-11T23:20:35+00:00\" \/>\n<meta property=\"og:image\" content=\"https:\/\/naturalcbd.cl\/wp-content\/uploads\/2020\/03\/andes250-1.png\" \/>\n\t<meta property=\"og:image:width\" content=\"250\" \/>\n\t<meta property=\"og:image:height\" content=\"400\" \/>\n\t<meta property=\"og:image:type\" content=\"image\/png\" \/>\n<meta name=\"twitter:card\" content=\"summary_large_image\" \/>\n<meta name=\"twitter:label1\" content=\"Tiempo estimado de lectura\" \/>\n\t<meta name=\"twitter:data1\" content=\"1 minuto\" \/>\n<script type=\"application\/ld+json\" class=\"yoast-schema-graph\">{\"@context\":\"https:\/\/schema.org\",\"@graph\":[{\"@type\":\"WebPage\",\"@id\":\"https:\/\/naturalcbd.cl\/index.php\/product\/andes-austral-cbd-250mg\/\",\"url\":\"https:\/\/naturalcbd.cl\/index.php\/product\/andes-austral-cbd-250mg\/\",\"name\":\"Andes Austral CBD 250mg - NATURAL HEMP | CBD Chile\",\"isPartOf\":{\"@id\":\"https:\/\/naturalcbd.cl\/#website\"},\"primaryImageOfPage\":{\"@id\":\"https:\/\/naturalcbd.cl\/index.php\/product\/andes-austral-cbd-250mg\/#primaryimage\"},\"image\":{\"@id\":\"https:\/\/naturalcbd.cl\/index.php\/product\/andes-austral-cbd-250mg\/#primaryimage\"},\"thumbnailUrl\":\"https:\/\/naturalcbd.cl\/wp-content\/uploads\/2020\/03\/andes250-1.png\",\"datePublished\":\"2020-03-16T05:16:37+00:00\",\"dateModified\":\"2026-03-11T23:20:35+00:00\",\"breadcrumb\":{\"@id\":\"https:\/\/naturalcbd.cl\/index.php\/product\/andes-austral-cbd-250mg\/#breadcrumb\"},\"inLanguage\":\"es-CL\",\"potentialAction\":[{\"@type\":\"ReadAction\",\"target\":[\"https:\/\/naturalcbd.cl\/index.php\/product\/andes-austral-cbd-250mg\/\"]}]},{\"@type\":\"ImageObject\",\"inLanguage\":\"es-CL\",\"@id\":\"https:\/\/naturalcbd.cl\/index.php\/product\/andes-austral-cbd-250mg\/#primaryimage\",\"url\":\"https:\/\/naturalcbd.cl\/wp-content\/uploads\/2020\/03\/andes250-1.png\",\"contentUrl\":\"https:\/\/naturalcbd.cl\/wp-content\/uploads\/2020\/03\/andes250-1.png\",\"width\":250,\"height\":400,\"caption\":\"Aceite sublingual CBD Natural Hemp en gotero\"},{\"@type\":\"BreadcrumbList\",\"@id\":\"https:\/\/naturalcbd.cl\/index.php\/product\/andes-austral-cbd-250mg\/#breadcrumb\",\"itemListElement\":[{\"@type\":\"ListItem\",\"position\":1,\"name\":\"Portada\",\"item\":\"https:\/\/naturalcbd.cl\/\"},{\"@type\":\"ListItem\",\"position\":2,\"name\":\"Andes Austral CBD 250mg\"}]},{\"@type\":\"WebSite\",\"@id\":\"https:\/\/naturalcbd.cl\/#website\",\"url\":\"https:\/\/naturalcbd.cl\/\",\"name\":\"CBD Chile Online | NATURAL HEMP\",\"description\":\"Lo mejor de la naturaleza\",\"publisher\":{\"@id\":\"https:\/\/naturalcbd.cl\/#organization\"},\"potentialAction\":[{\"@type\":\"SearchAction\",\"target\":{\"@type\":\"EntryPoint\",\"urlTemplate\":\"https:\/\/naturalcbd.cl\/?s={search_term_string}\"},\"query-input\":{\"@type\":\"PropertyValueSpecification\",\"valueRequired\":true,\"valueName\":\"search_term_string\"}}],\"inLanguage\":\"es-CL\"},{\"@type\":\"Organization\",\"@id\":\"https:\/\/naturalcbd.cl\/#organization\",\"name\":\"CBD Chile Online | NATURAL HEMP\",\"url\":\"https:\/\/naturalcbd.cl\/\",\"logo\":{\"@type\":\"ImageObject\",\"inLanguage\":\"es-CL\",\"@id\":\"https:\/\/naturalcbd.cl\/#\/schema\/logo\/image\/\",\"url\":\"https:\/\/naturalcbd.cl\/wp-content\/uploads\/2022\/01\/cropped-horizontal-HEMP.png\",\"contentUrl\":\"https:\/\/naturalcbd.cl\/wp-content\/uploads\/2022\/01\/cropped-horizontal-HEMP.png\",\"width\":140,\"height\":50,\"caption\":\"CBD Chile Online | NATURAL HEMP\"},\"image\":{\"@id\":\"https:\/\/naturalcbd.cl\/#\/schema\/logo\/image\/\"}}]}<\/script>\n<!-- \/ Yoast SEO plugin. -->","yoast_head_json":{"title":"Andes Austral CBD 250mg - NATURAL HEMP | CBD Chile","robots":{"index":"index","follow":"follow","max-snippet":"max-snippet:-1","max-image-preview":"max-image-preview:large","max-video-preview":"max-video-preview:-1"},"canonical":"https:\/\/naturalcbd.cl\/index.php\/product\/andes-austral-cbd-250mg\/","og_locale":"es_ES","og_type":"article","og_title":"Andes Austral CBD 250mg - NATURAL HEMP | CBD Chile","og_description":"&nbsp;    -Producto 100% Vegano y naturalmente libre de Gluten.  -Ingrediente: Aceite de cannabis alto en CBD, libre de THC.*","og_url":"https:\/\/naturalcbd.cl\/index.php\/product\/andes-austral-cbd-250mg\/","og_site_name":"NATURAL HEMP | CBD Chile","article_modified_time":"2026-03-11T23:20:35+00:00","og_image":[{"width":250,"height":400,"url":"https:\/\/naturalcbd.cl\/wp-content\/uploads\/2020\/03\/andes250-1.png","type":"image\/png"}],"twitter_card":"summary_large_image","twitter_misc":{"Tiempo estimado de lectura":"1 minuto"},"schema":{"@context":"https:\/\/schema.org","@graph":[{"@type":"WebPage","@id":"https:\/\/naturalcbd.cl\/index.php\/product\/andes-austral-cbd-250mg\/","url":"https:\/\/naturalcbd.cl\/index.php\/product\/andes-austral-cbd-250mg\/","name":"Andes Austral CBD 250mg - NATURAL HEMP | CBD Chile","isPartOf":{"@id":"https:\/\/naturalcbd.cl\/#website"},"primaryImageOfPage":{"@id":"https:\/\/naturalcbd.cl\/index.php\/product\/andes-austral-cbd-250mg\/#primaryimage"},"image":{"@id":"https:\/\/naturalcbd.cl\/index.php\/product\/andes-austral-cbd-250mg\/#primaryimage"},"thumbnailUrl":"https:\/\/naturalcbd.cl\/wp-content\/uploads\/2020\/03\/andes250-1.png","datePublished":"2020-03-16T05:16:37+00:00","dateModified":"2026-03-11T23:20:35+00:00","breadcrumb":{"@id":"https:\/\/naturalcbd.cl\/index.php\/product\/andes-austral-cbd-250mg\/#breadcrumb"},"inLanguage":"es-CL","potentialAction":[{"@type":"ReadAction","target":["https:\/\/naturalcbd.cl\/index.php\/product\/andes-austral-cbd-250mg\/"]}]},{"@type":"ImageObject","inLanguage":"es-CL","@id":"https:\/\/naturalcbd.cl\/index.php\/product\/andes-austral-cbd-250mg\/#primaryimage","url":"https:\/\/naturalcbd.cl\/wp-content\/uploads\/2020\/03\/andes250-1.png","contentUrl":"https:\/\/naturalcbd.cl\/wp-content\/uploads\/2020\/03\/andes250-1.png","width":250,"height":400,"caption":"Aceite sublingual CBD Natural Hemp en gotero"},{"@type":"BreadcrumbList","@id":"https:\/\/naturalcbd.cl\/index.php\/product\/andes-austral-cbd-250mg\/#breadcrumb","itemListElement":[{"@type":"ListItem","position":1,"name":"Portada","item":"https:\/\/naturalcbd.cl\/"},{"@type":"ListItem","position":2,"name":"Andes Austral CBD 250mg"}]},{"@type":"WebSite","@id":"https:\/\/naturalcbd.cl\/#website","url":"https:\/\/naturalcbd.cl\/","name":"CBD Chile Online | NATURAL HEMP","description":"Lo mejor de la naturaleza","publisher":{"@id":"https:\/\/naturalcbd.cl\/#organization"},"potentialAction":[{"@type":"SearchAction","target":{"@type":"EntryPoint","urlTemplate":"https:\/\/naturalcbd.cl\/?s={search_term_string}"},"query-input":{"@type":"PropertyValueSpecification","valueRequired":true,"valueName":"search_term_string"}}],"inLanguage":"es-CL"},{"@type":"Organization","@id":"https:\/\/naturalcbd.cl\/#organization","name":"CBD Chile Online | NATURAL HEMP","url":"https:\/\/naturalcbd.cl\/","logo":{"@type":"ImageObject","inLanguage":"es-CL","@id":"https:\/\/naturalcbd.cl\/#\/schema\/logo\/image\/","url":"https:\/\/naturalcbd.cl\/wp-content\/uploads\/2022\/01\/cropped-horizontal-HEMP.png","contentUrl":"https:\/\/naturalcbd.cl\/wp-content\/uploads\/2022\/01\/cropped-horizontal-HEMP.png","width":140,"height":50,"caption":"CBD Chile Online | NATURAL HEMP"},"image":{"@id":"https:\/\/naturalcbd.cl\/#\/schema\/logo\/image\/"}}]}},"_links":{"self":[{"href":"https:\/\/naturalcbd.cl\/index.php\/wp-json\/wp\/v2\/product\/42","targetHints":{"allow":["GET"]}}],"collection":[{"href":"https:\/\/naturalcbd.cl\/index.php\/wp-json\/wp\/v2\/product"}],"about":[{"href":"https:\/\/naturalcbd.cl\/index.php\/wp-json\/wp\/v2\/types\/product"}],"wp:featuredmedia":[{"embeddable":true,"href":"https:\/\/naturalcbd.cl\/index.php\/wp-json\/wp\/v2\/media\/114"}],"wp:attachment":[{"href":"https:\/\/naturalcbd.cl\/index.php\/wp-json\/wp\/v2\/media?parent=42"}],"wp:term":[{"taxonomy":"product_brand","embeddable":true,"href":"https:\/\/naturalcbd.cl\/index.php\/wp-json\/wp\/v2\/product_brand?post=42"},{"taxonomy":"product_cat","embeddable":true,"href":"https:\/\/naturalcbd.cl\/index.php\/wp-json\/wp\/v2\/product_cat?post=42"},{"taxonomy":"product_tag","embeddable":true,"href":"https:\/\/naturalcbd.cl\/index.php\/wp-json\/wp\/v2\/product_tag?post=42"}],"curies":[{"name":"wp","href":"https:\/\/api.w.org\/{rel}","templated":true}]}}