{"id":464,"date":"2021-09-25T03:05:20","date_gmt":"2021-09-25T03:05:20","guid":{"rendered":"https:\/\/naturalcbd.cl\/?post_type=product&#038;p=464"},"modified":"2023-05-24T13:25:05","modified_gmt":"2023-05-24T17:25:05","slug":"aceite-para-masajes-cbd-100mg-chocolate","status":"publish","type":"product","link":"https:\/\/naturalcbd.cl\/index.php\/product\/aceite-para-masajes-cbd-100mg-chocolate\/","title":{"rendered":"ACEITE PARA MASAJES CBD 100MG Chocolate"},"content":{"rendered":"<p><img fetchpriority=\"high\" decoding=\"async\" class=\"aligncenter wp-image-466 size-medium\" src=\"https:\/\/naturalcbd.cl\/wp-content\/uploads\/2021\/09\/ACEITE-CHOCOLATE-300x300.png\" alt=\"\" width=\"300\" height=\"300\" srcset=\"https:\/\/naturalcbd.cl\/wp-content\/uploads\/2021\/09\/ACEITE-CHOCOLATE-300x300.png 300w, https:\/\/naturalcbd.cl\/wp-content\/uploads\/2021\/09\/ACEITE-CHOCOLATE-350x350.png 350w, https:\/\/naturalcbd.cl\/wp-content\/uploads\/2021\/09\/ACEITE-CHOCOLATE-100x100.png 100w, https:\/\/naturalcbd.cl\/wp-content\/uploads\/2021\/09\/ACEITE-CHOCOLATE-150x150.png 150w, https:\/\/naturalcbd.cl\/wp-content\/uploads\/2021\/09\/ACEITE-CHOCOLATE.png 500w\" sizes=\"(max-width: 300px) 100vw, 300px\" \/><\/p>\n<p>&nbsp;<\/p>\n<p>Aceite formulado especialmente para ser usado en masajes de relajaci\u00f3n, masoterapia, drenaje linf\u00e1tico, reflexolog\u00eda.<\/p>\n<p>&nbsp;<\/p>\n<p>Nuestro aceite tiene diversas propiedades emolientes, desinflamatorias de ciertas irritaciones cut\u00e1neas. Adem\u00e1s tienen capacidad para hidratar y suavizar la piel sin obstruir los poros. Tambi\u00e9n tiene propiedades de calmantes, antiespasm\u00f3dicas y suavizantes.<\/p>\n<p>&nbsp;<\/p>\n<p>Con resoluci\u00f3n y autorizaci\u00f3n del ISP.<\/p>\n<p>&nbsp;<\/p>\n<p>Componentes: Parafina liquida (aceite mineral), aceite de cannabis libre de thc y perfume<\/p>\n<p>Contenido: 60 ml<\/p>\n<p>Neutro e hipoalerg\u00e9nico<\/p>\n<p>Aceite de absorci\u00f3n lenta que permiten un perfecto deslizamiento de las manos.<\/p>\n","protected":false},"excerpt":{"rendered":"<p><img fetchpriority=\"high\" decoding=\"async\" class=\"aligncenter wp-image-466 size-medium\" src=\"https:\/\/naturalcbd.cl\/wp-content\/uploads\/2021\/09\/ACEITE-CHOCOLATE-300x300.png\" alt=\"\" width=\"300\" height=\"300\" srcset=\"https:\/\/naturalcbd.cl\/wp-content\/uploads\/2021\/09\/ACEITE-CHOCOLATE-300x300.png 300w, https:\/\/naturalcbd.cl\/wp-content\/uploads\/2021\/09\/ACEITE-CHOCOLATE-350x350.png 350w, https:\/\/naturalcbd.cl\/wp-content\/uploads\/2021\/09\/ACEITE-CHOCOLATE-100x100.png 100w, https:\/\/naturalcbd.cl\/wp-content\/uploads\/2021\/09\/ACEITE-CHOCOLATE-150x150.png 150w, https:\/\/naturalcbd.cl\/wp-content\/uploads\/2021\/09\/ACEITE-CHOCOLATE.png 500w\" sizes=\"(max-width: 300px) 100vw, 300px\" \/><\/p>\n<p><b>Aceite<\/b> formulado <b>para<\/b> ser usado en <b>masajes<\/b> de Relajaci\u00f3n, Masoterapia y Drenaje Linf\u00e1tico. Propiedades hidratantes y suavizantes junto a todos los beneficios que entrega el CBD. Productos con Resoluci\u00f3n y Autorizaci\u00f3n del ISP. Calidad 100% Garantizada. Despacho a todo Chile<\/p>\n","protected":false},"featured_media":466,"template":"","meta":[],"product_brand":[],"product_cat":[17],"product_tag":[],"class_list":{"0":"post-464","1":"product","2":"type-product","3":"status-publish","4":"has-post-thumbnail","6":"product_cat-crema-masajes-cbd","8":"first","9":"instock","10":"shipping-taxable","11":"purchasable","12":"product-type-simple"},"yoast_head":"<!-- This site is optimized with the Yoast SEO plugin v26.6 - https:\/\/yoast.com\/wordpress\/plugins\/seo\/ -->\n<title>ACEITE PARA MASAJES CBD 100MG Chocolate - NATURAL HEMP | CBD Chile<\/title>\n<meta name=\"robots\" content=\"index, follow, max-snippet:-1, max-image-preview:large, max-video-preview:-1\" \/>\n<link rel=\"canonical\" href=\"https:\/\/naturalcbd.cl\/index.php\/product\/aceite-para-masajes-cbd-100mg-chocolate\/\" \/>\n<meta property=\"og:locale\" content=\"es_ES\" \/>\n<meta property=\"og:type\" content=\"article\" \/>\n<meta property=\"og:title\" content=\"ACEITE PARA MASAJES CBD 100MG Chocolate - NATURAL HEMP | CBD Chile\" \/>\n<meta property=\"og:description\" content=\"Aceite formulado para ser usado en masajes de Relajaci\u00f3n, Masoterapia y Drenaje Linf\u00e1tico. Propiedades hidratantes y suavizantes junto a todos los beneficios que entrega el CBD. Productos con Resoluci\u00f3n y Autorizaci\u00f3n del ISP. Calidad 100% Garantizada. Despacho a todo Chile\" \/>\n<meta property=\"og:url\" content=\"https:\/\/naturalcbd.cl\/index.php\/product\/aceite-para-masajes-cbd-100mg-chocolate\/\" \/>\n<meta property=\"og:site_name\" content=\"NATURAL HEMP | CBD Chile\" \/>\n<meta property=\"article:modified_time\" content=\"2023-05-24T17:25:05+00:00\" \/>\n<meta property=\"og:image\" content=\"https:\/\/naturalcbd.cl\/wp-content\/uploads\/2021\/09\/ACEITE-CHOCOLATE.png\" \/>\n\t<meta property=\"og:image:width\" content=\"500\" \/>\n\t<meta property=\"og:image:height\" content=\"500\" \/>\n\t<meta property=\"og:image:type\" content=\"image\/png\" \/>\n<meta name=\"twitter:card\" content=\"summary_large_image\" \/>\n<script type=\"application\/ld+json\" class=\"yoast-schema-graph\">{\"@context\":\"https:\/\/schema.org\",\"@graph\":[{\"@type\":\"WebPage\",\"@id\":\"https:\/\/naturalcbd.cl\/index.php\/product\/aceite-para-masajes-cbd-100mg-chocolate\/\",\"url\":\"https:\/\/naturalcbd.cl\/index.php\/product\/aceite-para-masajes-cbd-100mg-chocolate\/\",\"name\":\"ACEITE PARA MASAJES CBD 100MG Chocolate - NATURAL HEMP | CBD Chile\",\"isPartOf\":{\"@id\":\"https:\/\/naturalcbd.cl\/#website\"},\"primaryImageOfPage\":{\"@id\":\"https:\/\/naturalcbd.cl\/index.php\/product\/aceite-para-masajes-cbd-100mg-chocolate\/#primaryimage\"},\"image\":{\"@id\":\"https:\/\/naturalcbd.cl\/index.php\/product\/aceite-para-masajes-cbd-100mg-chocolate\/#primaryimage\"},\"thumbnailUrl\":\"https:\/\/naturalcbd.cl\/wp-content\/uploads\/2021\/09\/ACEITE-CHOCOLATE.png\",\"datePublished\":\"2021-09-25T03:05:20+00:00\",\"dateModified\":\"2023-05-24T17:25:05+00:00\",\"breadcrumb\":{\"@id\":\"https:\/\/naturalcbd.cl\/index.php\/product\/aceite-para-masajes-cbd-100mg-chocolate\/#breadcrumb\"},\"inLanguage\":\"es-CL\",\"potentialAction\":[{\"@type\":\"ReadAction\",\"target\":[\"https:\/\/naturalcbd.cl\/index.php\/product\/aceite-para-masajes-cbd-100mg-chocolate\/\"]}]},{\"@type\":\"ImageObject\",\"inLanguage\":\"es-CL\",\"@id\":\"https:\/\/naturalcbd.cl\/index.php\/product\/aceite-para-masajes-cbd-100mg-chocolate\/#primaryimage\",\"url\":\"https:\/\/naturalcbd.cl\/wp-content\/uploads\/2021\/09\/ACEITE-CHOCOLATE.png\",\"contentUrl\":\"https:\/\/naturalcbd.cl\/wp-content\/uploads\/2021\/09\/ACEITE-CHOCOLATE.png\",\"width\":500,\"height\":500,\"caption\":\"Aceite de masaje CBD Natural Hemp relajante y anti-estr\u00e9s\"},{\"@type\":\"BreadcrumbList\",\"@id\":\"https:\/\/naturalcbd.cl\/index.php\/product\/aceite-para-masajes-cbd-100mg-chocolate\/#breadcrumb\",\"itemListElement\":[{\"@type\":\"ListItem\",\"position\":1,\"name\":\"Portada\",\"item\":\"https:\/\/naturalcbd.cl\/\"},{\"@type\":\"ListItem\",\"position\":2,\"name\":\"ACEITE PARA MASAJES CBD 100MG Chocolate\"}]},{\"@type\":\"WebSite\",\"@id\":\"https:\/\/naturalcbd.cl\/#website\",\"url\":\"https:\/\/naturalcbd.cl\/\",\"name\":\"CBD Chile Online | NATURAL HEMP\",\"description\":\"Lo mejor de la naturaleza\",\"publisher\":{\"@id\":\"https:\/\/naturalcbd.cl\/#organization\"},\"potentialAction\":[{\"@type\":\"SearchAction\",\"target\":{\"@type\":\"EntryPoint\",\"urlTemplate\":\"https:\/\/naturalcbd.cl\/?s={search_term_string}\"},\"query-input\":{\"@type\":\"PropertyValueSpecification\",\"valueRequired\":true,\"valueName\":\"search_term_string\"}}],\"inLanguage\":\"es-CL\"},{\"@type\":\"Organization\",\"@id\":\"https:\/\/naturalcbd.cl\/#organization\",\"name\":\"CBD Chile Online | NATURAL HEMP\",\"url\":\"https:\/\/naturalcbd.cl\/\",\"logo\":{\"@type\":\"ImageObject\",\"inLanguage\":\"es-CL\",\"@id\":\"https:\/\/naturalcbd.cl\/#\/schema\/logo\/image\/\",\"url\":\"https:\/\/naturalcbd.cl\/wp-content\/uploads\/2022\/01\/cropped-horizontal-HEMP.png\",\"contentUrl\":\"https:\/\/naturalcbd.cl\/wp-content\/uploads\/2022\/01\/cropped-horizontal-HEMP.png\",\"width\":140,\"height\":50,\"caption\":\"CBD Chile Online | NATURAL HEMP\"},\"image\":{\"@id\":\"https:\/\/naturalcbd.cl\/#\/schema\/logo\/image\/\"}}]}<\/script>\n<!-- \/ Yoast SEO plugin. -->","yoast_head_json":{"title":"ACEITE PARA MASAJES CBD 100MG Chocolate - NATURAL HEMP | CBD Chile","robots":{"index":"index","follow":"follow","max-snippet":"max-snippet:-1","max-image-preview":"max-image-preview:large","max-video-preview":"max-video-preview:-1"},"canonical":"https:\/\/naturalcbd.cl\/index.php\/product\/aceite-para-masajes-cbd-100mg-chocolate\/","og_locale":"es_ES","og_type":"article","og_title":"ACEITE PARA MASAJES CBD 100MG Chocolate - NATURAL HEMP | CBD Chile","og_description":"Aceite formulado para ser usado en masajes de Relajaci\u00f3n, Masoterapia y Drenaje Linf\u00e1tico. Propiedades hidratantes y suavizantes junto a todos los beneficios que entrega el CBD. Productos con Resoluci\u00f3n y Autorizaci\u00f3n del ISP. Calidad 100% Garantizada. Despacho a todo Chile","og_url":"https:\/\/naturalcbd.cl\/index.php\/product\/aceite-para-masajes-cbd-100mg-chocolate\/","og_site_name":"NATURAL HEMP | CBD Chile","article_modified_time":"2023-05-24T17:25:05+00:00","og_image":[{"width":500,"height":500,"url":"https:\/\/naturalcbd.cl\/wp-content\/uploads\/2021\/09\/ACEITE-CHOCOLATE.png","type":"image\/png"}],"twitter_card":"summary_large_image","schema":{"@context":"https:\/\/schema.org","@graph":[{"@type":"WebPage","@id":"https:\/\/naturalcbd.cl\/index.php\/product\/aceite-para-masajes-cbd-100mg-chocolate\/","url":"https:\/\/naturalcbd.cl\/index.php\/product\/aceite-para-masajes-cbd-100mg-chocolate\/","name":"ACEITE PARA MASAJES CBD 100MG Chocolate - NATURAL HEMP | CBD Chile","isPartOf":{"@id":"https:\/\/naturalcbd.cl\/#website"},"primaryImageOfPage":{"@id":"https:\/\/naturalcbd.cl\/index.php\/product\/aceite-para-masajes-cbd-100mg-chocolate\/#primaryimage"},"image":{"@id":"https:\/\/naturalcbd.cl\/index.php\/product\/aceite-para-masajes-cbd-100mg-chocolate\/#primaryimage"},"thumbnailUrl":"https:\/\/naturalcbd.cl\/wp-content\/uploads\/2021\/09\/ACEITE-CHOCOLATE.png","datePublished":"2021-09-25T03:05:20+00:00","dateModified":"2023-05-24T17:25:05+00:00","breadcrumb":{"@id":"https:\/\/naturalcbd.cl\/index.php\/product\/aceite-para-masajes-cbd-100mg-chocolate\/#breadcrumb"},"inLanguage":"es-CL","potentialAction":[{"@type":"ReadAction","target":["https:\/\/naturalcbd.cl\/index.php\/product\/aceite-para-masajes-cbd-100mg-chocolate\/"]}]},{"@type":"ImageObject","inLanguage":"es-CL","@id":"https:\/\/naturalcbd.cl\/index.php\/product\/aceite-para-masajes-cbd-100mg-chocolate\/#primaryimage","url":"https:\/\/naturalcbd.cl\/wp-content\/uploads\/2021\/09\/ACEITE-CHOCOLATE.png","contentUrl":"https:\/\/naturalcbd.cl\/wp-content\/uploads\/2021\/09\/ACEITE-CHOCOLATE.png","width":500,"height":500,"caption":"Aceite de masaje CBD Natural Hemp relajante y anti-estr\u00e9s"},{"@type":"BreadcrumbList","@id":"https:\/\/naturalcbd.cl\/index.php\/product\/aceite-para-masajes-cbd-100mg-chocolate\/#breadcrumb","itemListElement":[{"@type":"ListItem","position":1,"name":"Portada","item":"https:\/\/naturalcbd.cl\/"},{"@type":"ListItem","position":2,"name":"ACEITE PARA MASAJES CBD 100MG Chocolate"}]},{"@type":"WebSite","@id":"https:\/\/naturalcbd.cl\/#website","url":"https:\/\/naturalcbd.cl\/","name":"CBD Chile Online | NATURAL HEMP","description":"Lo mejor de la naturaleza","publisher":{"@id":"https:\/\/naturalcbd.cl\/#organization"},"potentialAction":[{"@type":"SearchAction","target":{"@type":"EntryPoint","urlTemplate":"https:\/\/naturalcbd.cl\/?s={search_term_string}"},"query-input":{"@type":"PropertyValueSpecification","valueRequired":true,"valueName":"search_term_string"}}],"inLanguage":"es-CL"},{"@type":"Organization","@id":"https:\/\/naturalcbd.cl\/#organization","name":"CBD Chile Online | NATURAL HEMP","url":"https:\/\/naturalcbd.cl\/","logo":{"@type":"ImageObject","inLanguage":"es-CL","@id":"https:\/\/naturalcbd.cl\/#\/schema\/logo\/image\/","url":"https:\/\/naturalcbd.cl\/wp-content\/uploads\/2022\/01\/cropped-horizontal-HEMP.png","contentUrl":"https:\/\/naturalcbd.cl\/wp-content\/uploads\/2022\/01\/cropped-horizontal-HEMP.png","width":140,"height":50,"caption":"CBD Chile Online | NATURAL HEMP"},"image":{"@id":"https:\/\/naturalcbd.cl\/#\/schema\/logo\/image\/"}}]}},"_links":{"self":[{"href":"https:\/\/naturalcbd.cl\/index.php\/wp-json\/wp\/v2\/product\/464","targetHints":{"allow":["GET"]}}],"collection":[{"href":"https:\/\/naturalcbd.cl\/index.php\/wp-json\/wp\/v2\/product"}],"about":[{"href":"https:\/\/naturalcbd.cl\/index.php\/wp-json\/wp\/v2\/types\/product"}],"wp:featuredmedia":[{"embeddable":true,"href":"https:\/\/naturalcbd.cl\/index.php\/wp-json\/wp\/v2\/media\/466"}],"wp:attachment":[{"href":"https:\/\/naturalcbd.cl\/index.php\/wp-json\/wp\/v2\/media?parent=464"}],"wp:term":[{"taxonomy":"product_brand","embeddable":true,"href":"https:\/\/naturalcbd.cl\/index.php\/wp-json\/wp\/v2\/product_brand?post=464"},{"taxonomy":"product_cat","embeddable":true,"href":"https:\/\/naturalcbd.cl\/index.php\/wp-json\/wp\/v2\/product_cat?post=464"},{"taxonomy":"product_tag","embeddable":true,"href":"https:\/\/naturalcbd.cl\/index.php\/wp-json\/wp\/v2\/product_tag?post=464"}],"curies":[{"name":"wp","href":"https:\/\/api.w.org\/{rel}","templated":true}]}}