{"id":502,"date":"2022-01-08T05:05:26","date_gmt":"2022-01-08T05:05:26","guid":{"rendered":"https:\/\/naturalcbd.cl\/?post_type=product&#038;p=502"},"modified":"2025-04-29T15:06:18","modified_gmt":"2025-04-29T19:06:18","slug":"gomitas-cbd-150mg-10un","status":"publish","type":"product","link":"https:\/\/naturalcbd.cl\/index.php\/product\/gomitas-cbd-150mg-10un\/","title":{"rendered":"Gomitas CBD 150mg (10un)"},"content":{"rendered":"<p><img fetchpriority=\"high\" decoding=\"async\" class=\"aligncenter size-medium wp-image-487\" src=\"https:\/\/naturalcbd.cl\/wp-content\/uploads\/2022\/01\/gomitas-4-300x300.png\" alt=\"\" width=\"300\" height=\"300\" srcset=\"https:\/\/naturalcbd.cl\/wp-content\/uploads\/2022\/01\/gomitas-4-300x300.png 300w, https:\/\/naturalcbd.cl\/wp-content\/uploads\/2022\/01\/gomitas-4-1024x1024.png 1024w, https:\/\/naturalcbd.cl\/wp-content\/uploads\/2022\/01\/gomitas-4-150x150.png 150w, https:\/\/naturalcbd.cl\/wp-content\/uploads\/2022\/01\/gomitas-4-768x768.png 768w, https:\/\/naturalcbd.cl\/wp-content\/uploads\/2022\/01\/gomitas-4-350x350.png 350w, https:\/\/naturalcbd.cl\/wp-content\/uploads\/2022\/01\/gomitas-4-100x100.png 100w, https:\/\/naturalcbd.cl\/wp-content\/uploads\/2022\/01\/gomitas-4.png 1080w\" sizes=\"(max-width: 300px) 100vw, 300px\" \/><\/p>\n<p>&nbsp;<\/p>\n<h2>Gomitas Sabor a frutas 150mg (10un)<\/h2>\n<p class=\"\" data-start=\"142\" data-end=\"600\"><strong data-start=\"142\" data-end=\"212\">Disfruta de una experiencia \u00fanica con nuestras deliciosas gomitas.<\/strong><\/p>\n<p class=\"\" data-start=\"142\" data-end=\"600\"><br data-start=\"212\" data-end=\"215\" \/>En los \u00faltimos a\u00f1os, los productos derivados del c\u00e1\u00f1amo han ganado popularidad por su capacidad para promover una sensaci\u00f3n general de bienestar y equilibrio. Estas gomitas, con sabores frutales irresistibles, son el complemento perfecto para tu rutina diaria. Al igual que con otros suplementos, su consumo regular puede ser una excelente manera de cuidar tu cuerpo de manera natural.<\/p>\n<p class=\"\" data-start=\"602\" data-end=\"686\">\u00a1Siente el placer de una deliciosa gomita, pensada para acompa\u00f1arte en tu d\u00eda a d\u00eda!<\/p>\n<p>&nbsp;<\/p>\n","protected":false},"excerpt":{"rendered":"<h2>Gomitas CBD 150mg (10un)<\/h2>\n<p class=\"gt-block\">Las gomitas de CBD son uno de los productos de CBD m\u00e1s buscados. En los \u00faltimos a\u00f1os, los productos de aceite de CBD se han vuelto cada vez m\u00e1s populares y no se utilizan solo para la relajaci\u00f3n o para aliviar el dolor f\u00edsico, sino que tambi\u00e9n se consideran un gran complemento para el bienestar general. Al igual que las vitaminas, la ingesta diaria de CBD puede ser beneficioso para las funciones corporales.<\/p>\n<p>&nbsp;<\/p>\n","protected":false},"featured_media":702,"template":"","meta":[],"product_brand":[],"product_cat":[24],"product_tag":[],"class_list":{"0":"post-502","1":"product","2":"type-product","3":"status-publish","4":"has-post-thumbnail","6":"product_cat-gomitas-cbd","8":"first","9":"instock","10":"shipping-taxable","11":"purchasable","12":"product-type-simple"},"yoast_head":"<!-- This site is optimized with the Yoast SEO plugin v26.6 - https:\/\/yoast.com\/wordpress\/plugins\/seo\/ -->\n<title>Gomitas CBD 150mg (10un) - NATURAL HEMP | CBD Chile<\/title>\n<meta name=\"robots\" content=\"index, follow, max-snippet:-1, max-image-preview:large, max-video-preview:-1\" \/>\n<link rel=\"canonical\" href=\"https:\/\/naturalcbd.cl\/index.php\/product\/gomitas-cbd-150mg-10un\/\" \/>\n<meta property=\"og:locale\" content=\"es_ES\" \/>\n<meta property=\"og:type\" content=\"article\" \/>\n<meta property=\"og:title\" content=\"Gomitas CBD 150mg (10un) - NATURAL HEMP | CBD Chile\" \/>\n<meta property=\"og:description\" content=\"Gomitas CBD 150mg (10un) Las gomitas de CBD son uno de los productos de CBD m\u00e1s buscados. En los \u00faltimos a\u00f1os, los productos de aceite de CBD se han vuelto cada vez m\u00e1s populares y no se utilizan solo para la relajaci\u00f3n o para aliviar el dolor f\u00edsico, sino que tambi\u00e9n se consideran un gran complemento para el bienestar general. Al igual que las vitaminas, la ingesta diaria de CBD puede ser beneficioso para las funciones corporales. &nbsp;\" \/>\n<meta property=\"og:url\" content=\"https:\/\/naturalcbd.cl\/index.php\/product\/gomitas-cbd-150mg-10un\/\" \/>\n<meta property=\"og:site_name\" content=\"NATURAL HEMP | CBD Chile\" \/>\n<meta property=\"article:modified_time\" content=\"2025-04-29T19:06:18+00:00\" \/>\n<meta property=\"og:image\" content=\"https:\/\/naturalcbd.cl\/wp-content\/uploads\/2022\/01\/61.png\" \/>\n\t<meta property=\"og:image:width\" content=\"540\" \/>\n\t<meta property=\"og:image:height\" content=\"540\" \/>\n\t<meta property=\"og:image:type\" content=\"image\/png\" \/>\n<meta name=\"twitter:card\" content=\"summary_large_image\" \/>\n<script type=\"application\/ld+json\" class=\"yoast-schema-graph\">{\"@context\":\"https:\/\/schema.org\",\"@graph\":[{\"@type\":\"WebPage\",\"@id\":\"https:\/\/naturalcbd.cl\/index.php\/product\/gomitas-cbd-150mg-10un\/\",\"url\":\"https:\/\/naturalcbd.cl\/index.php\/product\/gomitas-cbd-150mg-10un\/\",\"name\":\"Gomitas CBD 150mg (10un) - NATURAL HEMP | CBD Chile\",\"isPartOf\":{\"@id\":\"https:\/\/naturalcbd.cl\/#website\"},\"primaryImageOfPage\":{\"@id\":\"https:\/\/naturalcbd.cl\/index.php\/product\/gomitas-cbd-150mg-10un\/#primaryimage\"},\"image\":{\"@id\":\"https:\/\/naturalcbd.cl\/index.php\/product\/gomitas-cbd-150mg-10un\/#primaryimage\"},\"thumbnailUrl\":\"https:\/\/naturalcbd.cl\/wp-content\/uploads\/2022\/01\/61.png\",\"datePublished\":\"2022-01-08T05:05:26+00:00\",\"dateModified\":\"2025-04-29T19:06:18+00:00\",\"breadcrumb\":{\"@id\":\"https:\/\/naturalcbd.cl\/index.php\/product\/gomitas-cbd-150mg-10un\/#breadcrumb\"},\"inLanguage\":\"es-CL\",\"potentialAction\":[{\"@type\":\"ReadAction\",\"target\":[\"https:\/\/naturalcbd.cl\/index.php\/product\/gomitas-cbd-150mg-10un\/\"]}]},{\"@type\":\"ImageObject\",\"inLanguage\":\"es-CL\",\"@id\":\"https:\/\/naturalcbd.cl\/index.php\/product\/gomitas-cbd-150mg-10un\/#primaryimage\",\"url\":\"https:\/\/naturalcbd.cl\/wp-content\/uploads\/2022\/01\/61.png\",\"contentUrl\":\"https:\/\/naturalcbd.cl\/wp-content\/uploads\/2022\/01\/61.png\",\"width\":540,\"height\":540,\"caption\":\"Gomitas CBD Natural Hemp 150mg y 300mg para ansiedad y relajaci\u00f3n\"},{\"@type\":\"BreadcrumbList\",\"@id\":\"https:\/\/naturalcbd.cl\/index.php\/product\/gomitas-cbd-150mg-10un\/#breadcrumb\",\"itemListElement\":[{\"@type\":\"ListItem\",\"position\":1,\"name\":\"Portada\",\"item\":\"https:\/\/naturalcbd.cl\/\"},{\"@type\":\"ListItem\",\"position\":2,\"name\":\"Gomitas CBD 150mg (10un)\"}]},{\"@type\":\"WebSite\",\"@id\":\"https:\/\/naturalcbd.cl\/#website\",\"url\":\"https:\/\/naturalcbd.cl\/\",\"name\":\"CBD Chile Online | NATURAL HEMP\",\"description\":\"Lo mejor de la naturaleza\",\"publisher\":{\"@id\":\"https:\/\/naturalcbd.cl\/#organization\"},\"potentialAction\":[{\"@type\":\"SearchAction\",\"target\":{\"@type\":\"EntryPoint\",\"urlTemplate\":\"https:\/\/naturalcbd.cl\/?s={search_term_string}\"},\"query-input\":{\"@type\":\"PropertyValueSpecification\",\"valueRequired\":true,\"valueName\":\"search_term_string\"}}],\"inLanguage\":\"es-CL\"},{\"@type\":\"Organization\",\"@id\":\"https:\/\/naturalcbd.cl\/#organization\",\"name\":\"CBD Chile Online | NATURAL HEMP\",\"url\":\"https:\/\/naturalcbd.cl\/\",\"logo\":{\"@type\":\"ImageObject\",\"inLanguage\":\"es-CL\",\"@id\":\"https:\/\/naturalcbd.cl\/#\/schema\/logo\/image\/\",\"url\":\"https:\/\/naturalcbd.cl\/wp-content\/uploads\/2022\/01\/cropped-horizontal-HEMP.png\",\"contentUrl\":\"https:\/\/naturalcbd.cl\/wp-content\/uploads\/2022\/01\/cropped-horizontal-HEMP.png\",\"width\":140,\"height\":50,\"caption\":\"CBD Chile Online | NATURAL HEMP\"},\"image\":{\"@id\":\"https:\/\/naturalcbd.cl\/#\/schema\/logo\/image\/\"}}]}<\/script>\n<!-- \/ Yoast SEO plugin. -->","yoast_head_json":{"title":"Gomitas CBD 150mg (10un) - NATURAL HEMP | CBD Chile","robots":{"index":"index","follow":"follow","max-snippet":"max-snippet:-1","max-image-preview":"max-image-preview:large","max-video-preview":"max-video-preview:-1"},"canonical":"https:\/\/naturalcbd.cl\/index.php\/product\/gomitas-cbd-150mg-10un\/","og_locale":"es_ES","og_type":"article","og_title":"Gomitas CBD 150mg (10un) - NATURAL HEMP | CBD Chile","og_description":"Gomitas CBD 150mg (10un) Las gomitas de CBD son uno de los productos de CBD m\u00e1s buscados. En los \u00faltimos a\u00f1os, los productos de aceite de CBD se han vuelto cada vez m\u00e1s populares y no se utilizan solo para la relajaci\u00f3n o para aliviar el dolor f\u00edsico, sino que tambi\u00e9n se consideran un gran complemento para el bienestar general. Al igual que las vitaminas, la ingesta diaria de CBD puede ser beneficioso para las funciones corporales. &nbsp;","og_url":"https:\/\/naturalcbd.cl\/index.php\/product\/gomitas-cbd-150mg-10un\/","og_site_name":"NATURAL HEMP | CBD Chile","article_modified_time":"2025-04-29T19:06:18+00:00","og_image":[{"width":540,"height":540,"url":"https:\/\/naturalcbd.cl\/wp-content\/uploads\/2022\/01\/61.png","type":"image\/png"}],"twitter_card":"summary_large_image","schema":{"@context":"https:\/\/schema.org","@graph":[{"@type":"WebPage","@id":"https:\/\/naturalcbd.cl\/index.php\/product\/gomitas-cbd-150mg-10un\/","url":"https:\/\/naturalcbd.cl\/index.php\/product\/gomitas-cbd-150mg-10un\/","name":"Gomitas CBD 150mg (10un) - NATURAL HEMP | CBD Chile","isPartOf":{"@id":"https:\/\/naturalcbd.cl\/#website"},"primaryImageOfPage":{"@id":"https:\/\/naturalcbd.cl\/index.php\/product\/gomitas-cbd-150mg-10un\/#primaryimage"},"image":{"@id":"https:\/\/naturalcbd.cl\/index.php\/product\/gomitas-cbd-150mg-10un\/#primaryimage"},"thumbnailUrl":"https:\/\/naturalcbd.cl\/wp-content\/uploads\/2022\/01\/61.png","datePublished":"2022-01-08T05:05:26+00:00","dateModified":"2025-04-29T19:06:18+00:00","breadcrumb":{"@id":"https:\/\/naturalcbd.cl\/index.php\/product\/gomitas-cbd-150mg-10un\/#breadcrumb"},"inLanguage":"es-CL","potentialAction":[{"@type":"ReadAction","target":["https:\/\/naturalcbd.cl\/index.php\/product\/gomitas-cbd-150mg-10un\/"]}]},{"@type":"ImageObject","inLanguage":"es-CL","@id":"https:\/\/naturalcbd.cl\/index.php\/product\/gomitas-cbd-150mg-10un\/#primaryimage","url":"https:\/\/naturalcbd.cl\/wp-content\/uploads\/2022\/01\/61.png","contentUrl":"https:\/\/naturalcbd.cl\/wp-content\/uploads\/2022\/01\/61.png","width":540,"height":540,"caption":"Gomitas CBD Natural Hemp 150mg y 300mg para ansiedad y relajaci\u00f3n"},{"@type":"BreadcrumbList","@id":"https:\/\/naturalcbd.cl\/index.php\/product\/gomitas-cbd-150mg-10un\/#breadcrumb","itemListElement":[{"@type":"ListItem","position":1,"name":"Portada","item":"https:\/\/naturalcbd.cl\/"},{"@type":"ListItem","position":2,"name":"Gomitas CBD 150mg (10un)"}]},{"@type":"WebSite","@id":"https:\/\/naturalcbd.cl\/#website","url":"https:\/\/naturalcbd.cl\/","name":"CBD Chile Online | NATURAL HEMP","description":"Lo mejor de la naturaleza","publisher":{"@id":"https:\/\/naturalcbd.cl\/#organization"},"potentialAction":[{"@type":"SearchAction","target":{"@type":"EntryPoint","urlTemplate":"https:\/\/naturalcbd.cl\/?s={search_term_string}"},"query-input":{"@type":"PropertyValueSpecification","valueRequired":true,"valueName":"search_term_string"}}],"inLanguage":"es-CL"},{"@type":"Organization","@id":"https:\/\/naturalcbd.cl\/#organization","name":"CBD Chile Online | NATURAL HEMP","url":"https:\/\/naturalcbd.cl\/","logo":{"@type":"ImageObject","inLanguage":"es-CL","@id":"https:\/\/naturalcbd.cl\/#\/schema\/logo\/image\/","url":"https:\/\/naturalcbd.cl\/wp-content\/uploads\/2022\/01\/cropped-horizontal-HEMP.png","contentUrl":"https:\/\/naturalcbd.cl\/wp-content\/uploads\/2022\/01\/cropped-horizontal-HEMP.png","width":140,"height":50,"caption":"CBD Chile Online | NATURAL HEMP"},"image":{"@id":"https:\/\/naturalcbd.cl\/#\/schema\/logo\/image\/"}}]}},"_links":{"self":[{"href":"https:\/\/naturalcbd.cl\/index.php\/wp-json\/wp\/v2\/product\/502","targetHints":{"allow":["GET"]}}],"collection":[{"href":"https:\/\/naturalcbd.cl\/index.php\/wp-json\/wp\/v2\/product"}],"about":[{"href":"https:\/\/naturalcbd.cl\/index.php\/wp-json\/wp\/v2\/types\/product"}],"wp:featuredmedia":[{"embeddable":true,"href":"https:\/\/naturalcbd.cl\/index.php\/wp-json\/wp\/v2\/media\/702"}],"wp:attachment":[{"href":"https:\/\/naturalcbd.cl\/index.php\/wp-json\/wp\/v2\/media?parent=502"}],"wp:term":[{"taxonomy":"product_brand","embeddable":true,"href":"https:\/\/naturalcbd.cl\/index.php\/wp-json\/wp\/v2\/product_brand?post=502"},{"taxonomy":"product_cat","embeddable":true,"href":"https:\/\/naturalcbd.cl\/index.php\/wp-json\/wp\/v2\/product_cat?post=502"},{"taxonomy":"product_tag","embeddable":true,"href":"https:\/\/naturalcbd.cl\/index.php\/wp-json\/wp\/v2\/product_tag?post=502"}],"curies":[{"name":"wp","href":"https:\/\/api.w.org\/{rel}","templated":true}]}}